{"id":1510,"date":"2023-07-02T11:20:19","date_gmt":"2023-07-02T11:20:19","guid":{"rendered":"https:\/\/jeremie-paul.com\/?page_id=1510"},"modified":"2026-03-23T12:15:55","modified_gmt":"2026-03-23T12:15:55","slug":"cours","status":"publish","type":"page","link":"https:\/\/jeremie-paul.com\/?page_id=1510","title":{"rendered":"Cours"},"content":{"rendered":"\n<div class=\"wp-block-uagb-container uagb-block-256cf1fb alignfull uagb-is-root-container\"><div class=\"uagb-container-inner-blocks-wrap\">\n<h2 class=\"wp-block-heading has-ast-global-color-1-color has-text-color\">Cours de Guitare<\/h2>\n<\/div><\/div>\n\n\n\n<div class=\"wp-block-uagb-container uagb-block-429beb62 alignfull uagb-is-root-container\"><div class=\"uagb-container-inner-blocks-wrap\">\n<div class=\"wp-block-uagb-container uagb-block-f3497f10\">\n<div class=\"wp-block-columns is-layout-flex wp-container-core-columns-is-layout-28f84493 wp-block-columns-is-layout-flex\">\n<div class=\"wp-block-column is-layout-flow wp-block-column-is-layout-flow\">\n<figure class=\"wp-block-image aligncenter size-full\"><img loading=\"lazy\" decoding=\"async\" width=\"346\" height=\"231\" src=\"https:\/\/jeremie-paul.com\/wp-content\/uploads\/2023\/07\/carte-visite-chanteur-nantes-2.jpg\" alt=\"\" class=\"wp-image-1516\" srcset=\"https:\/\/jeremie-paul.com\/wp-content\/uploads\/2023\/07\/carte-visite-chanteur-nantes-2.jpg 346w, https:\/\/jeremie-paul.com\/wp-content\/uploads\/2023\/07\/carte-visite-chanteur-nantes-2-300x200.jpg 300w\" sizes=\"auto, (max-width: 346px) 100vw, 346px\" \/><\/figure>\n<\/div>\n\n\n\n<div class=\"wp-block-column is-layout-flow wp-block-column-is-layout-flow\">\n<p class=\"has-text-align-center has-ast-global-color-2-color has-text-color\">Cette section est r\u00e9serv\u00e9e aux \u00e9l\u00e8ves de guitare, vous y trouverez des partitions ainsi que des vid\u00e9os r\u00e9sumant les notions vues en cours.<\/p>\n\n\n\n<p class=\"has-text-align-center has-ast-global-color-2-color has-text-color\">Au boulot !<\/p>\n<\/div>\n<\/div>\n<\/div>\n\n\n\n<div class=\"wp-block-columns is-layout-flex wp-container-core-columns-is-layout-28f84493 wp-block-columns-is-layout-flex\">\n<div class=\"wp-block-column is-layout-flow wp-block-column-is-layout-flow\">\n<div class=\"wp-block-uagb-container uagb-block-f985d0a0\">\n<h4 class=\"wp-block-heading has-ast-global-color-1-color has-cyan-bluish-gray-background-color has-text-color has-background\">Cours collectifs<\/h4>\n\n\n\n<div class=\"wp-block-columns is-layout-flex wp-container-core-columns-is-layout-28f84493 wp-block-columns-is-layout-flex\">\n<div class=\"wp-block-column is-layout-flow wp-block-column-is-layout-flow\">\n<p class=\"has-text-align-center has-vivid-cyan-blue-color has-text-color has-link-color wp-elements-33335b896be5ecf580e859c3c38d9843\"><a href=\"https:\/\/jeremie-paul.com\/?page_id=1592\" title=\"Acc\u00e8s Lundi 18H30\">Lundi 18H30<\/a><\/p>\n\n\n\n<p class=\"has-text-align-center has-vivid-cyan-blue-color has-text-color has-link-color wp-elements-dc4c4498647733a46ae7782acab99efa\"><a href=\"https:\/\/jeremie-paul.com\/?page_id=2838\" data-type=\"page\" data-id=\"2838\">Lundi 19H15<\/a><\/p>\n\n\n\n<p class=\"has-text-align-center has-vivid-cyan-blue-color has-text-color has-link-color wp-elements-ca48797d9503febd08e624da85fe9de6\"><a href=\"https:\/\/jeremie-paul.com\/?page_id=2192\" title=\"Acc\u00e8s Lundi 20H00\">Lundi 20H00<\/a><\/p>\n<\/div>\n\n\n\n<div class=\"wp-block-column is-layout-flow wp-block-column-is-layout-flow\">\n<p class=\"has-text-align-center has-vivid-cyan-blue-color has-text-color has-link-color wp-elements-1cf05a783ac8a8365ff5b9960e788df2\"><a href=\"https:\/\/jeremie-paul.com\/?page_id=1602\" title=\"Acc\u00e8s Mardi 19H15\">Mardi 19H15<\/a><\/p>\n\n\n\n<p class=\"has-text-align-center has-vivid-cyan-blue-color has-text-color has-link-color wp-elements-04c3d5916e9978b3c93da4743e9b255e\"><a href=\"https:\/\/jeremie-paul.com\/?page_id=1605\" title=\"Acc\u00e8s Mardi 20H00\">Mardi 20H00<\/a><\/p>\n<\/div>\n\n\n\n<div class=\"wp-block-column is-layout-flow wp-block-column-is-layout-flow\">\n<p class=\"has-text-align-center has-vivid-cyan-blue-color has-text-color has-link-color wp-elements-70fee08f3a0b76c0affb6727e5503c83\"><a href=\"https:\/\/jeremie-paul.com\/?page_id=1635\" title=\"Acc\u00e8s Mercredi 18H00\">Mercredi 18H00<\/a><\/p>\n\n\n\n<p class=\"has-text-align-center has-vivid-cyan-blue-color has-text-color has-link-color wp-elements-a02957c45551ee555b99ed36f2e296fe\"><a href=\"https:\/\/jeremie-paul.com\/?page_id=1637\" title=\"Acc\u00e8s Mercredi 18H45\">Mercredi 18H45<\/a><\/p>\n<\/div>\n\n\n\n<div class=\"wp-block-column is-layout-flow wp-block-column-is-layout-flow\">\n<p class=\"has-text-align-center has-vivid-cyan-blue-color has-text-color has-link-color wp-elements-b7bb8ecb9f3a8ec3df0997a7eb639abd\"><a href=\"https:\/\/jeremie-paul.com\/?page_id=2197\" data-type=\"page\" data-id=\"2197\">Jeudi 18H15<\/a><\/p>\n\n\n\n<p class=\"has-text-align-center has-vivid-cyan-blue-color has-text-color has-link-color wp-elements-11976b776946d8b44b2462f09dece941\"><a href=\"https:\/\/jeremie-paul.com\/?page_id=1830\" data-type=\"page\" data-id=\"1830\">Jeudi 19H45<\/a><\/p>\n\n\n\n<p class=\"has-text-align-center has-vivid-cyan-blue-color has-text-color has-link-color wp-elements-2419e72b1c03dc89bd3269718a2d397c\"><a href=\"https:\/\/jeremie-paul.com\/?page_id=1677\" data-type=\"page\" data-id=\"1677\">Jeudi 20H45<\/a><\/p>\n<\/div>\n\n\n\n<div class=\"wp-block-column is-layout-flow wp-block-column-is-layout-flow\">\n<p class=\"has-text-align-center has-vivid-cyan-blue-color has-text-color has-link-color wp-elements-dc81eee75031791b2e0e98486dd965cb\"><a href=\"https:\/\/jeremie-paul.com\/?page_id=2504\" title=\"Acc\u00e8s Vendredi 17H15\">Vendredi 17H15<\/a><\/p>\n\n\n\n<p class=\"has-text-align-center has-vivid-cyan-blue-color has-text-color has-link-color wp-elements-55e45668034f8ac5113bbbc57422c0de\"><a href=\"https:\/\/jeremie-paul.com\/?page_id=2881\" data-type=\"page\" data-id=\"2881\">Vendredi 18H15<\/a><\/p>\n\n\n\n<p class=\"has-text-align-center has-vivid-cyan-blue-color has-text-color has-link-color wp-elements-95a0f627e98f1b2a8086d28dad87f496\"><a href=\"https:\/\/jeremie-paul.com\/?page_id=1838\" data-type=\"page\" data-id=\"1838\">Vendredi 19H15<\/a><\/p>\n\n\n\n<p class=\"has-text-align-center has-vivid-cyan-blue-color has-text-color has-link-color wp-elements-1a309f649249074fb6cccebe41b1147f\"><a href=\"https:\/\/jeremie-paul.com\/?page_id=2846\" data-type=\"page\" data-id=\"2846\">Vendredi 20H00<\/a><\/p>\n<\/div>\n<\/div>\n<\/div>\n\n\n\n<div class=\"wp-block-uagb-container uagb-block-130130dd\">\n<h4 class=\"wp-block-heading has-ast-global-color-1-color has-cyan-bluish-gray-background-color has-text-color has-background\">Espaces individuels<\/h4>\n\n\n\n<div class=\"wp-block-columns is-layout-flex wp-container-core-columns-is-layout-28f84493 wp-block-columns-is-layout-flex\">\n<div class=\"wp-block-column is-layout-flow wp-block-column-is-layout-flow\">\n<p class=\"has-text-align-center has-vivid-cyan-blue-color has-text-color\"><a title=\"Acc\u00e8s YC\" href=\"https:\/\/jeremie-paul.com\/?page_id=1714\">YC<\/a><\/p>\n\n\n\n<p class=\"has-text-align-center has-vivid-cyan-blue-color has-text-color\"><a title=\"Acc\u00e8s BUC\" href=\"https:\/\/jeremie-paul.com\/?page_id=2155\">BUC<\/a><\/p>\n\n\n\n<p class=\"has-text-align-center has-vivid-cyan-blue-color has-text-color\"><a title=\"Acc\u00e8s PE\" href=\"https:\/\/jeremie-paul.com\/?page_id=2320\">MGA<\/a><\/p>\n<\/div>\n\n\n\n<div class=\"wp-block-column is-layout-flow wp-block-column-is-layout-flow\">\n<p class=\"has-text-align-center has-vivid-cyan-blue-color has-text-color\"><a href=\"https:\/\/jeremie-paul.com\/?page_id=2687\" data-type=\"page\" data-id=\"2687\">JJCAS<\/a><\/p>\n\n\n\n<p class=\"has-text-align-center has-vivid-cyan-blue-color has-text-color\"><a href=\"https:\/\/jeremie-paul.com\/?page_id=2750\" data-type=\"page\" data-id=\"2750\">AC<\/a><\/p>\n\n\n\n<p class=\"has-text-align-center has-vivid-cyan-blue-color has-text-color\"><a href=\"https:\/\/jeremie-paul.com\/?page_id=2860\" data-type=\"page\" data-id=\"2860\">PR<\/a><\/p>\n<\/div>\n\n\n\n<div class=\"wp-block-column is-layout-flow wp-block-column-is-layout-flow\">\n<p class=\"has-text-align-center has-vivid-cyan-blue-color has-text-color\"><a href=\"https:\/\/jeremie-paul.com\/?page_id=2906\" data-type=\"page\" data-id=\"2906\">MI<\/a><\/p>\n\n\n\n<p class=\"has-text-align-center has-vivid-cyan-blue-color has-text-color\"><a href=\"https:\/\/jeremie-paul.com\/?page_id=2864\" data-type=\"page\" data-id=\"2864\">VER<\/a><\/p>\n\n\n\n<p class=\"has-text-align-center has-vivid-cyan-blue-color has-text-color\"><a href=\"https:\/\/jeremie-paul.com\/?page_id=3154\" data-type=\"page\" data-id=\"3154\">GM<\/a><\/p>\n<\/div>\n<\/div>\n<\/div>\n<\/div>\n<\/div>\n<\/div><\/div>\n\n\n\n<p><\/p>\n","protected":false},"excerpt":{"rendered":"<p>Cours de Guitare Cette section est r\u00e9serv\u00e9e aux \u00e9l\u00e8ves de guitare, vous y trouverez des partitions ainsi que des vid\u00e9os r\u00e9sumant les notions vues en cours. Au boulot ! Cours collectifs Lundi 18H30 Lundi 19H15 Lundi 20H00 Mardi 19H15 Mardi 20H00 Mercredi 18H00 Mercredi 18H45 Jeudi 18H15 Jeudi 19H45 Jeudi 20H45 Vendredi 17H15 Vendredi 18H15 [&hellip;]<\/p>\n","protected":false},"author":1,"featured_media":0,"parent":0,"menu_order":0,"comment_status":"closed","ping_status":"closed","template":"","meta":{"_uag_custom_page_level_css":"","site-sidebar-layout":"no-sidebar","site-content-layout":"page-builder","ast-site-content-layout":"full-width-container","site-content-style":"unboxed","site-sidebar-style":"unboxed","ast-global-header-display":"","ast-banner-title-visibility":"","ast-main-header-display":"","ast-hfb-above-header-display":"","ast-hfb-below-header-display":"","ast-hfb-mobile-header-display":"","site-post-title":"disabled","ast-breadcrumbs-content":"","ast-featured-img":"disabled","footer-sml-layout":"","theme-transparent-header-meta":"enabled","adv-header-id-meta":"","stick-header-meta":"","header-above-stick-meta":"","header-main-stick-meta":"","header-below-stick-meta":"","astra-migrate-meta-layouts":"set","ast-page-background-enabled":"default","ast-page-background-meta":{"desktop":{"background-color":"","background-image":"","background-repeat":"repeat","background-position":"center center","background-size":"auto","background-attachment":"scroll","background-type":"","background-media":"","overlay-type":"","overlay-color":"","overlay-opacity":"","overlay-gradient":""},"tablet":{"background-color":"","background-image":"","background-repeat":"repeat","background-position":"center center","background-size":"auto","background-attachment":"scroll","background-type":"","background-media":"","overlay-type":"","overlay-color":"","overlay-opacity":"","overlay-gradient":""},"mobile":{"background-color":"","background-image":"","background-repeat":"repeat","background-position":"center center","background-size":"auto","background-attachment":"scroll","background-type":"","background-media":"","overlay-type":"","overlay-color":"","overlay-opacity":"","overlay-gradient":""}},"ast-content-background-meta":{"desktop":{"background-color":"var(--ast-global-color-5)","background-image":"","background-repeat":"repeat","background-position":"center center","background-size":"auto","background-attachment":"scroll","background-type":"","background-media":"","overlay-type":"","overlay-color":"","overlay-opacity":"","overlay-gradient":""},"tablet":{"background-color":"var(--ast-global-color-5)","background-image":"","background-repeat":"repeat","background-position":"center center","background-size":"auto","background-attachment":"scroll","background-type":"","background-media":"","overlay-type":"","overlay-color":"","overlay-opacity":"","overlay-gradient":""},"mobile":{"background-color":"var(--ast-global-color-5)","background-image":"","background-repeat":"repeat","background-position":"center center","background-size":"auto","background-attachment":"scroll","background-type":"","background-media":"","overlay-type":"","overlay-color":"","overlay-opacity":"","overlay-gradient":""}},"footnotes":""},"class_list":["post-1510","page","type-page","status-publish","hentry"],"uagb_featured_image_src":{"full":false,"thumbnail":false,"medium":false,"medium_large":false,"large":false,"1536x1536":false,"2048x2048":false},"uagb_author_info":{"display_name":"jeremiepaul@hotmail.fr","author_link":"https:\/\/jeremie-paul.com\/?author=1"},"uagb_comment_info":0,"uagb_excerpt":"Cours de Guitare Cette section est r\u00e9serv\u00e9e aux \u00e9l\u00e8ves de guitare, vous y trouverez des partitions ainsi que des vid\u00e9os r\u00e9sumant les notions vues en cours. Au boulot ! Cours collectifs Lundi 18H30 Lundi 19H15 Lundi 20H00 Mardi 19H15 Mardi 20H00 Mercredi 18H00 Mercredi 18H45 Jeudi 18H15 Jeudi 19H45 Jeudi 20H45 Vendredi 17H15 Vendredi 18H15\u2026","_links":{"self":[{"href":"https:\/\/jeremie-paul.com\/index.php?rest_route=\/wp\/v2\/pages\/1510","targetHints":{"allow":["GET"]}}],"collection":[{"href":"https:\/\/jeremie-paul.com\/index.php?rest_route=\/wp\/v2\/pages"}],"about":[{"href":"https:\/\/jeremie-paul.com\/index.php?rest_route=\/wp\/v2\/types\/page"}],"author":[{"embeddable":true,"href":"https:\/\/jeremie-paul.com\/index.php?rest_route=\/wp\/v2\/users\/1"}],"replies":[{"embeddable":true,"href":"https:\/\/jeremie-paul.com\/index.php?rest_route=%2Fwp%2Fv2%2Fcomments&post=1510"}],"version-history":[{"count":9,"href":"https:\/\/jeremie-paul.com\/index.php?rest_route=\/wp\/v2\/pages\/1510\/revisions"}],"predecessor-version":[{"id":3157,"href":"https:\/\/jeremie-paul.com\/index.php?rest_route=\/wp\/v2\/pages\/1510\/revisions\/3157"}],"wp:attachment":[{"href":"https:\/\/jeremie-paul.com\/index.php?rest_route=%2Fwp%2Fv2%2Fmedia&parent=1510"}],"curies":[{"name":"wp","href":"https:\/\/api.w.org\/{rel}","templated":true}]}}