{"id":652,"date":"2022-01-27T09:35:43","date_gmt":"2022-01-27T09:35:43","guid":{"rendered":"http:\/\/jeremie-paul.com\/?page_id=652"},"modified":"2025-05-07T11:44:49","modified_gmt":"2025-05-07T11:44:49","slug":"biography","status":"publish","type":"page","link":"https:\/\/jeremie-paul.com\/?page_id=652","title":{"rendered":"Spectacles"},"content":{"rendered":"\n<div class=\"wp-block-uagb-container uagb-block-ab716970 alignfull uagb-is-root-container\"><div class=\"uagb-container-inner-blocks-wrap\">\n<div class=\"wp-block-uagb-container uagb-block-1179b911\"><\/div>\n\n\n\n<h2 class=\"wp-block-heading\"><\/h2>\n\n\n\n<h2 class=\"wp-block-heading has-text-align-center has-ast-global-color-1-color has-text-color\">Spectacles<\/h2>\n<\/div><\/div>\n\n\n\n<div class=\"wp-block-uagb-container uagb-block-0d157d55 alignfull uagb-is-root-container\"><div class=\"uagb-container-inner-blocks-wrap\">\n<h2 class=\"wp-block-heading has-text-align-center has-ast-global-color-2-color has-text-color\">3 spectacles \u00e0 votre disposition<\/h2>\n\n\n\n<h5 class=\"wp-block-heading has-text-align-center has-ast-global-color-1-color has-text-color\">N&rsquo;h\u00e9sitez pas \u00e0 me contacter si un de ces spectacles vous int\u00e9resse.<\/h5>\n\n\n\n<h5 class=\"wp-block-heading has-text-align-center has-vivid-cyan-blue-color has-text-color has-link-color wp-elements-3e732a62d1efbe14daadb8658f019820\"><a href=\"https:\/\/jeremie-paul.com\/?page_id=1460\" title=\"Contact\">Me contacter<\/a><\/h5>\n<\/div><\/div>\n\n\n\n<div class=\"wp-block-uagb-container uagb-block-77dd2fd7 alignfull uagb-is-root-container\"><div class=\"uagb-container-inner-blocks-wrap\">\n<div class=\"wp-block-uagb-container uagb-block-8a59c876\">\n<div class=\"wp-block-uagb-container uagb-block-78d4d9fc\">\n<h5 class=\"wp-block-heading has-text-align-center has-ast-global-color-1-color has-text-color\">C&rsquo;\u00e9tait o\u00f9 c&rsquo;\u00e9tait quand ?<\/h5>\n<\/div>\n\n\n\n<figure class=\"wp-block-image size-full\"><img loading=\"lazy\" decoding=\"async\" width=\"1600\" height=\"1067\" src=\"https:\/\/jeremie-paul.com\/wp-content\/uploads\/2025\/05\/0004_JEREMIE_MARIELEOFAVREAU-3_WEB.jpg\" alt=\"\" class=\"wp-image-2590\" srcset=\"https:\/\/jeremie-paul.com\/wp-content\/uploads\/2025\/05\/0004_JEREMIE_MARIELEOFAVREAU-3_WEB.jpg 1600w, https:\/\/jeremie-paul.com\/wp-content\/uploads\/2025\/05\/0004_JEREMIE_MARIELEOFAVREAU-3_WEB-300x200.jpg 300w, https:\/\/jeremie-paul.com\/wp-content\/uploads\/2025\/05\/0004_JEREMIE_MARIELEOFAVREAU-3_WEB-1024x683.jpg 1024w, https:\/\/jeremie-paul.com\/wp-content\/uploads\/2025\/05\/0004_JEREMIE_MARIELEOFAVREAU-3_WEB-768x512.jpg 768w, https:\/\/jeremie-paul.com\/wp-content\/uploads\/2025\/05\/0004_JEREMIE_MARIELEOFAVREAU-3_WEB-1536x1024.jpg 1536w\" sizes=\"auto, (max-width: 1600px) 100vw, 1600px\" \/><figcaption class=\"wp-element-caption\"><a href=\"Photo: L\u00e9o Favreau\">Photo: <\/a><a href=\"https:\/\/www.instagram.com\/theleoleo\/?hl=fr\" title=\"L\u00e9o Favreau\"><mark style=\"background-color:rgba(0, 0, 0, 0);color:#316b94\" class=\"has-inline-color\">L\u00e9o Favreau<\/mark><\/a><\/figcaption><\/figure>\n\n\n\n<p class=\"has-ast-global-color-2-color has-text-color has-link-color wp-elements-0ce2485f7b8d38f094f9a4903f737c08\"><strong>Apr\u00e8s \u00ab\u00a0Nagu\u00e8re\u00a0\u00bb, ce nouveau spectacle est une invitation au voyage dans les souvenirs. Des nouvelles compositions, des nouvelles reprises et une nouvelle mise en sc\u00e8ne. En Solo ou en Duo avec Marie Gleizes \u00e0 la contrebasse.<\/strong><\/p>\n<\/div>\n\n\n\n<div class=\"wp-block-uagb-container uagb-block-f02a0a9f\">\n<div class=\"wp-block-uagb-container uagb-block-3ef10832\">\n<h5 class=\"wp-block-heading has-text-align-center has-ast-global-color-1-color has-text-color\">Quel est le menu ?<\/h5>\n\n\n\n<h6 class=\"wp-block-heading has-text-align-center has-ast-global-color-2-color has-text-color\">Lors d&rsquo;un pique-nique ou d&rsquo;une f\u00eate de famille, dans un jardin, une grange ou dans un appartement, spectacle convivial sans sonorisation pendant lequel le public choisit les chansons qu&rsquo;il souhaite entendre: Brassens, Barbara, Vian, Moustaki et Cie.<\/h6>\n\n\n\n<figure class=\"wp-block-image size-full\"><img loading=\"lazy\" decoding=\"async\" width=\"1024\" height=\"682\" src=\"https:\/\/jeremie-paul.com\/wp-content\/uploads\/2023\/01\/\u00a9LEO_FAVREAU-1.jpg\" alt=\"\" class=\"wp-image-1451\" srcset=\"https:\/\/jeremie-paul.com\/wp-content\/uploads\/2023\/01\/\u00a9LEO_FAVREAU-1.jpg 1024w, https:\/\/jeremie-paul.com\/wp-content\/uploads\/2023\/01\/\u00a9LEO_FAVREAU-1-300x200.jpg 300w, https:\/\/jeremie-paul.com\/wp-content\/uploads\/2023\/01\/\u00a9LEO_FAVREAU-1-768x512.jpg 768w\" sizes=\"auto, (max-width: 1024px) 100vw, 1024px\" \/><figcaption class=\"wp-element-caption\"><a href=\"Photo: L\u00e9o Favreau\">Photo: <\/a><a href=\"https:\/\/www.instagram.com\/theleoleo\/?hl=fr\" title=\"L\u00e9o Favreau\"><mark style=\"background-color:rgba(0, 0, 0, 0);color:#316b94\" class=\"has-inline-color\">L\u00e9o Favreau<\/mark><\/a><\/figcaption><\/figure>\n\n\n\n<p class=\"has-text-align-center\"><\/p>\n<\/div>\n<\/div>\n\n\n\n<div class=\"wp-block-uagb-container uagb-block-bad87483\">\n<div class=\"wp-block-uagb-container uagb-block-183ef6a2\">\n<h5 class=\"wp-block-heading has-text-align-center has-ast-global-color-1-color has-text-color\">L&rsquo;heure d&rsquo;ouvrir la mallette<\/h5>\n\n\n\n<h6 class=\"wp-block-heading has-text-align-center has-ast-global-color-2-color has-text-color\">Un spectacle interactif de 45 minutes \u00e0 destination des enfants de 6 mois \u00e0 5 ans. Les enfants seront invit\u00e9s \u00e0 \u00e9couter et \u00e0 participer en manipulant de v\u00e9ritables instruments.<\/h6>\n\n\n\n<figure class=\"wp-block-image size-medium\"><img loading=\"lazy\" decoding=\"async\" width=\"200\" height=\"300\" src=\"https:\/\/jeremie-paul.com\/wp-content\/uploads\/2025\/05\/VISUEL-LHOM-Flyer-200x300.jpg\" alt=\"\" class=\"wp-image-2589\" srcset=\"https:\/\/jeremie-paul.com\/wp-content\/uploads\/2025\/05\/VISUEL-LHOM-Flyer-200x300.jpg 200w, https:\/\/jeremie-paul.com\/wp-content\/uploads\/2025\/05\/VISUEL-LHOM-Flyer-683x1024.jpg 683w, https:\/\/jeremie-paul.com\/wp-content\/uploads\/2025\/05\/VISUEL-LHOM-Flyer-768x1152.jpg 768w, https:\/\/jeremie-paul.com\/wp-content\/uploads\/2025\/05\/VISUEL-LHOM-Flyer-1024x1536.jpg 1024w, https:\/\/jeremie-paul.com\/wp-content\/uploads\/2025\/05\/VISUEL-LHOM-Flyer-1365x2048.jpg 1365w, https:\/\/jeremie-paul.com\/wp-content\/uploads\/2025\/05\/VISUEL-LHOM-Flyer-scaled.jpg 1707w\" sizes=\"auto, (max-width: 200px) 100vw, 200px\" \/><figcaption class=\"wp-element-caption\"><a href=\"Photo: L\u00e9o Favreau\">Photo: <\/a><a href=\"https:\/\/www.instagram.com\/theleoleo\/?hl=fr\" title=\"L\u00e9o Favreau\"><mark style=\"background-color:rgba(0, 0, 0, 0);color:#316b94\" class=\"has-inline-color\">L\u00e9o Favreau<\/mark><\/a><\/figcaption><\/figure>\n<\/div>\n<\/div>\n<\/div><\/div>\n\n\n\n<div class=\"wp-block-uagb-container uagb-block-3c3ca874 alignfull uagb-is-root-container\"><div class=\"uagb-container-inner-blocks-wrap\"><\/div><\/div>\n","protected":false},"excerpt":{"rendered":"<p>Spectacles 3 spectacles \u00e0 votre disposition N&rsquo;h\u00e9sitez pas \u00e0 me contacter si un de ces spectacles vous int\u00e9resse. Me contacter C&rsquo;\u00e9tait o\u00f9 c&rsquo;\u00e9tait quand ? Apr\u00e8s \u00ab\u00a0Nagu\u00e8re\u00a0\u00bb, ce nouveau spectacle est une invitation au voyage dans les souvenirs. Des nouvelles compositions, des nouvelles reprises et une nouvelle mise en sc\u00e8ne. En Solo ou en Duo [&hellip;]<\/p>\n","protected":false},"author":1,"featured_media":0,"parent":0,"menu_order":0,"comment_status":"closed","ping_status":"closed","template":"","meta":{"_uag_custom_page_level_css":"","site-sidebar-layout":"no-sidebar","site-content-layout":"page-builder","ast-site-content-layout":"full-width-container","site-content-style":"unboxed","site-sidebar-style":"unboxed","ast-global-header-display":"","ast-banner-title-visibility":"","ast-main-header-display":"","ast-hfb-above-header-display":"","ast-hfb-below-header-display":"","ast-hfb-mobile-header-display":"","site-post-title":"disabled","ast-breadcrumbs-content":"","ast-featured-img":"disabled","footer-sml-layout":"","theme-transparent-header-meta":"enabled","adv-header-id-meta":"","stick-header-meta":"","header-above-stick-meta":"","header-main-stick-meta":"","header-below-stick-meta":"","astra-migrate-meta-layouts":"set","ast-page-background-enabled":"default","ast-page-background-meta":{"desktop":{"background-color":"","background-image":"","background-repeat":"repeat","background-position":"center center","background-size":"auto","background-attachment":"scroll","background-type":"","background-media":"","overlay-type":"","overlay-color":"","overlay-opacity":"","overlay-gradient":""},"tablet":{"background-color":"","background-image":"","background-repeat":"repeat","background-position":"center center","background-size":"auto","background-attachment":"scroll","background-type":"","background-media":"","overlay-type":"","overlay-color":"","overlay-opacity":"","overlay-gradient":""},"mobile":{"background-color":"","background-image":"","background-repeat":"repeat","background-position":"center center","background-size":"auto","background-attachment":"scroll","background-type":"","background-media":"","overlay-type":"","overlay-color":"","overlay-opacity":"","overlay-gradient":""}},"ast-content-background-meta":{"desktop":{"background-color":"var(--ast-global-color-5)","background-image":"","background-repeat":"repeat","background-position":"center center","background-size":"auto","background-attachment":"scroll","background-type":"","background-media":"","overlay-type":"","overlay-color":"","overlay-opacity":"","overlay-gradient":""},"tablet":{"background-color":"var(--ast-global-color-5)","background-image":"","background-repeat":"repeat","background-position":"center center","background-size":"auto","background-attachment":"scroll","background-type":"","background-media":"","overlay-type":"","overlay-color":"","overlay-opacity":"","overlay-gradient":""},"mobile":{"background-color":"var(--ast-global-color-5)","background-image":"","background-repeat":"repeat","background-position":"center center","background-size":"auto","background-attachment":"scroll","background-type":"","background-media":"","overlay-type":"","overlay-color":"","overlay-opacity":"","overlay-gradient":""}},"footnotes":""},"class_list":["post-652","page","type-page","status-publish","hentry"],"uagb_featured_image_src":{"full":false,"thumbnail":false,"medium":false,"medium_large":false,"large":false,"1536x1536":false,"2048x2048":false},"uagb_author_info":{"display_name":"jeremiepaul@hotmail.fr","author_link":"https:\/\/jeremie-paul.com\/?author=1"},"uagb_comment_info":0,"uagb_excerpt":"Spectacles 3 spectacles \u00e0 votre disposition N&rsquo;h\u00e9sitez pas \u00e0 me contacter si un de ces spectacles vous int\u00e9resse. Me contacter C&rsquo;\u00e9tait o\u00f9 c&rsquo;\u00e9tait quand ? Apr\u00e8s \u00ab\u00a0Nagu\u00e8re\u00a0\u00bb, ce nouveau spectacle est une invitation au voyage dans les souvenirs. Des nouvelles compositions, des nouvelles reprises et une nouvelle mise en sc\u00e8ne. En Solo ou en Duo\u2026","_links":{"self":[{"href":"https:\/\/jeremie-paul.com\/index.php?rest_route=\/wp\/v2\/pages\/652","targetHints":{"allow":["GET"]}}],"collection":[{"href":"https:\/\/jeremie-paul.com\/index.php?rest_route=\/wp\/v2\/pages"}],"about":[{"href":"https:\/\/jeremie-paul.com\/index.php?rest_route=\/wp\/v2\/types\/page"}],"author":[{"embeddable":true,"href":"https:\/\/jeremie-paul.com\/index.php?rest_route=\/wp\/v2\/users\/1"}],"replies":[{"embeddable":true,"href":"https:\/\/jeremie-paul.com\/index.php?rest_route=%2Fwp%2Fv2%2Fcomments&post=652"}],"version-history":[{"count":0,"href":"https:\/\/jeremie-paul.com\/index.php?rest_route=\/wp\/v2\/pages\/652\/revisions"}],"wp:attachment":[{"href":"https:\/\/jeremie-paul.com\/index.php?rest_route=%2Fwp%2Fv2%2Fmedia&parent=652"}],"curies":[{"name":"wp","href":"https:\/\/api.w.org\/{rel}","templated":true}]}}